{"id":3,"date":"2024-04-17T16:53:40","date_gmt":"2024-04-17T16:53:40","guid":{"rendered":"http:\/\/navabarber.com\/?page_id=3"},"modified":"2025-06-21T14:59:02","modified_gmt":"2025-06-21T14:59:02","slug":"politica-privacidad","status":"publish","type":"page","link":"https:\/\/navabarber.com\/?page_id=3","title":{"rendered":"Pol\u00edtica de privacidad"},"content":{"rendered":"\n<p>Pol\u00edtica de Privacidad<\/p>\n\n\n\n<p>En Nava Barber estamos especialmente concienciados por la confidencialidad de los datos de car\u00e1cter personal que se nos facilitan a trav\u00e9s de la p\u00e1gina web, y mediante esta pol\u00edtica, informamos al usuario, en materia de protecci\u00f3n de datos, as\u00ed como de los derechos que le asisten.<\/p>\n\n\n\n<p>Por ello, y en virtud del Reglamento General de Protecci\u00f3n de Datos de la Uni\u00f3n Europea (RGPD), Reglamento UE 2016\/679 del Parlamento Europeo y del Consejo de 27 de abril de 2016, y en atenci\u00f3n al principio de transparencia, ponemos a su disposici\u00f3n informaci\u00f3n relevante sobre el tratamiento de datos personales, con el fin de dar a conocer en todo momento, c\u00f3mo tratamos los datos, con qu\u00e9 finalidad y los derechos correspondientes.<br>Responsable del tratamiento:<\/p>\n\n\n\n<p>Contacto del delegado de protecci\u00f3n de datos (DPO): No se dispone de delegado, no obstante, puede contactarnos por cualquiera de los medios arriba indicados.<br>Obtenci\u00f3n de los datos:<\/p>\n\n\n\n<p>EL RESPONSABLE ha obtenido los datos personales que ser\u00e1n objeto de tratamiento, a trav\u00e9s de diferentes canales:<\/p>\n\n\n\n<p>\u2212 Voluntariamente facilitados por el titular de los datos, bien a trav\u00e9s de formulario web, correo electr\u00f3nico, tel\u00e9fono o contrato, para la solicitud de cualquier tipo de informaci\u00f3n o formalizaci\u00f3n y\/o adquisici\u00f3n de servicios o productos.<\/p>\n\n\n\n<p>\u2212 A partir de fuentes accesibles al p\u00fablico y\/o registros p\u00fablicos, y siempre que exista inter\u00e9s leg\u00edtimo por parte de EL RESPONSABLE para ello.<br>Descripci\u00f3n de la finalidad del tratamiento:<\/p>\n\n\n\n<p>El RESPONSABLE tratar\u00e1 sus datos, al objeto de responder a las peticiones realizadas a trav\u00e9s del presente sitio web, adem\u00e1s, si otorga su consentimiento para el env\u00edo de comunicaciones comerciales, promociones e informaci\u00f3n de su inter\u00e9s, se le podr\u00e1 enviar informaci\u00f3n de car\u00e1cter comercial y\/o publicitario por los canales de comunicaci\u00f3n habituales. No obstante, dicho consentimiento, podr\u00e1 revocarlo en cualquier momento a trav\u00e9s de los medios proporcionados a tal fin.<\/p>\n\n\n\n<p>Trataremos sus datos para la gesti\u00f3n comercial, administrativa, contable y fiscal, conforme a la normativa vigente y en funci\u00f3n de la informaci\u00f3n facilitada y autorizaci\u00f3n otorgada.<br>Conservaci\u00f3n de los datos<\/p>\n\n\n\n<p>Los datos personales proporcionados se conservar\u00e1n mientras se mantenga la relaci\u00f3n con la entidad, y no se solicite su supresi\u00f3n por parte del interesado. Ser\u00e1n conservados conforme a los plazos legales establecidos y en funci\u00f3n de la finalidad por la que fueron recabados.<\/p>\n\n\n\n<p>En el supuesto de que el interesado est\u00e9 suscrito de forma voluntaria a alg\u00fan tipo de env\u00edo de comunicaciones comerciales, newsletter, publicidad, etc. los datos permanecer\u00e1n hasta que \u00e9ste tramite su baja de este tipo de comunicaciones.<br>Legitimizaci\u00f3n<\/p>\n\n\n\n<p>La base por la cual, se sustenta el tratamiento de los datos de car\u00e1cter personal por parte de EL RESPONSABLE se encuentra amparada en:<\/p>\n\n\n\n<p>\u2212 La mera solicitud por parte del interesado de cualquier tipo de informaci\u00f3n.<\/p>\n\n\n\n<p>\u2212 Por la posible suscripci\u00f3n para recibir comunicaciones comerciales mediante consentimiento expreso.<\/p>\n\n\n\n<p>\u2212 Formalizaci\u00f3n de relaci\u00f3n comercial, fruto de la adquisici\u00f3n de productos y\/o servicios.<\/p>\n\n\n\n<p>\u2212 Legitimaci\u00f3n por ejecuci\u00f3n de un contrato.<br>Destinatarios<\/p>\n\n\n\n<p>Mientras dure el tratamiento de los datos del interesado, EL RESPONSABLE no ceder\u00e1 los datos a terceros, salvo que medie obligaci\u00f3n legal.<\/p>\n\n\n\n<p>En los supuestos que, para la realizaci\u00f3n de tratamientos de tipo administrativo, fiscal, contable y\/o comercial, se cuente con los servicios de terceros, se formalizar\u00e1 debidamente el preceptivo contrato de encargado de tratamiento, con la finalidad de garantizar la seguridad y confidencialidad de los datos del interesado frente a terceros.<br>Derechos<\/p>\n\n\n\n<p>El interesado, en relaci\u00f3n a sus datos de car\u00e1cter personal, puede ejercer los derechos siguientes de forma libre y gratuita:<\/p>\n\n\n\n<p>\u2212 Derecho de acceso a sus datos personales.<\/p>\n\n\n\n<p>\u2212 Derecho de rectificaci\u00f3n de sus datos personales, cuando resulten incompletos o inexactos.<\/p>\n\n\n\n<p>\u2212 Derecho de supresi\u00f3n de sus datos personales, cuando no sean necesarios para los fines por los que fueron recabados.<\/p>\n\n\n\n<p>\u2212 Derecho de limitaci\u00f3n de su tratamiento, de todos los datos o en parte de ellos.<\/p>\n\n\n\n<p>\u2212 Derecho a oponerse al tratamiento.<\/p>\n\n\n\n<p>\u2212 Derecho a la portabilidad de los datos.<\/p>\n\n\n\n<p>\u2212 Derecho a retirar el consentimiento prestado previamente.<\/p>\n\n\n\n<p>En caso de que sienta vulnerados sus derechos en lo concerniente a la protecci\u00f3n de sus datos personales, especialmente cuando no haya obtenido satisfacci\u00f3n en el ejercicio de sus derechos, puede presentar una reclamaci\u00f3n ante la Autoridad de Control en materia de Protecci\u00f3n de Datos competente.<br>Autoridad de Control<\/p>\n\n\n\n<p>Si usted precisa de mayor informaci\u00f3n y\/o ayuda, a parte de la que nosotros podemos y deseamos proporcionarle, en materia de Protecci\u00f3n de Datos, debe saber que, la autoridad de control en Espa\u00f1a que vela por el cumplimiento de la normativa sobre protecci\u00f3n de datos, que garantiza y tutela el derecho fundamental a la protecci\u00f3n de datos personales es:<\/p>\n\n\n\n<p>Agencia Espa\u00f1ola de Protecci\u00f3n de Datos (AEPD)<\/p>\n\n\n\n<p>C\/ Jorge Juan N\u00ba6<br>28001 \u2013 Madrid<br>901 100 099 \u2013 912 663 517<br>www.agpd.es<\/p>\n\n\n\n<p>Pudiendo contactar tambi\u00e9n, a trav\u00e9s de este formulario.<\/p>\n\n\n\n<p>La AEPD, informa y ayuda al ciudadano a ejercitar sus derechos, as\u00ed como tambi\u00e9n a las empresas a cumplir con las obligaciones que establece la Ley.<\/p>\n\n\n\n<p>Como titular de sus propios datos, la AEPD tutela el ejercicio de los derechos de acceso, rectificaci\u00f3n, cancelaci\u00f3n, limitaci\u00f3n, portabilidad y oposici\u00f3n, cuando no han sido adecuadamente atendidos. Y garantiza el derecho a la protecci\u00f3n de datos, ante actuaciones que puedan ser contrarias a la ley.<\/p>\n","protected":false},"excerpt":{"rendered":"<p>Pol\u00edtica de Privacidad En Nava Barber estamos especialmente concienciados por la confidencialidad de los datos de car\u00e1cter personal que se nos facilitan a trav\u00e9s de la p\u00e1gina web, y mediante esta pol\u00edtica, informamos al usuario, en materia de protecci\u00f3n de datos, as\u00ed como de los derechos que le asisten. Por ello, y en virtud del [&hellip;]<\/p>\n","protected":false},"author":1,"featured_media":0,"parent":0,"menu_order":0,"comment_status":"closed","ping_status":"closed","template":"","meta":{"footnotes":""},"yoast_head":"<!-- This site is optimized with the Yoast SEO plugin v22.5 - https:\/\/yoast.com\/wordpress\/plugins\/seo\/ -->\n<title>Pol\u00edtica de privacidad - Nava Barber<\/title>\n<meta name=\"description\" content=\"Pol\u00edtica de privacidad\" \/>\n<meta name=\"robots\" content=\"index, follow, max-snippet:-1, max-image-preview:large, max-video-preview:-1\" \/>\n<link rel=\"canonical\" href=\"https:\/\/navabarber.com\/?page_id=3\" \/>\n<meta property=\"og:locale\" content=\"es_ES\" \/>\n<meta property=\"og:type\" content=\"article\" \/>\n<meta property=\"og:title\" content=\"Pol\u00edtica de privacidad - Nava Barber\" \/>\n<meta property=\"og:description\" content=\"Pol\u00edtica de privacidad\" \/>\n<meta property=\"og:url\" content=\"https:\/\/navabarber.com\/?page_id=3\" \/>\n<meta property=\"og:site_name\" content=\"Nava Barber\" \/>\n<meta property=\"article:modified_time\" content=\"2025-06-21T14:59:02+00:00\" \/>\n<meta property=\"og:image\" content=\"https:\/\/navabarber.com\/wp-content\/uploads\/2024\/04\/logoNV.png\" \/>\n\t<meta property=\"og:image:width\" content=\"516\" \/>\n\t<meta property=\"og:image:height\" content=\"484\" \/>\n\t<meta property=\"og:image:type\" content=\"image\/png\" \/>\n<meta name=\"twitter:card\" content=\"summary_large_image\" \/>\n<meta name=\"twitter:label1\" content=\"Tiempo de lectura\" \/>\n\t<meta name=\"twitter:data1\" content=\"5 minutos\" \/>\n<script type=\"application\/ld+json\" class=\"yoast-schema-graph\">{\"@context\":\"https:\/\/schema.org\",\"@graph\":[{\"@type\":\"WebPage\",\"@id\":\"https:\/\/navabarber.com\/?page_id=3\",\"url\":\"https:\/\/navabarber.com\/?page_id=3\",\"name\":\"Pol\u00edtica de privacidad - Nava Barber\",\"isPartOf\":{\"@id\":\"https:\/\/navabarber.com\/#website\"},\"datePublished\":\"2024-04-17T16:53:40+00:00\",\"dateModified\":\"2025-06-21T14:59:02+00:00\",\"description\":\"Pol\u00edtica de privacidad\",\"breadcrumb\":{\"@id\":\"https:\/\/navabarber.com\/?page_id=3#breadcrumb\"},\"inLanguage\":\"es\",\"potentialAction\":[{\"@type\":\"ReadAction\",\"target\":[\"https:\/\/navabarber.com\/?page_id=3\"]}]},{\"@type\":\"BreadcrumbList\",\"@id\":\"https:\/\/navabarber.com\/?page_id=3#breadcrumb\",\"itemListElement\":[{\"@type\":\"ListItem\",\"position\":1,\"name\":\"Portada\",\"item\":\"https:\/\/navabarber.com\/\"},{\"@type\":\"ListItem\",\"position\":2,\"name\":\"Pol\u00edtica de privacidad\"}]},{\"@type\":\"WebSite\",\"@id\":\"https:\/\/navabarber.com\/#website\",\"url\":\"https:\/\/navabarber.com\/\",\"name\":\"Nava Barber\",\"description\":\"Nava Barber: Donde el Estilo se Encuentra con la Elegancia Masculina. \u00a1Tu Destino para Cortes y Afeitados Precisos! Sum\u00e9rgete en una Experiencia de Barber\u00eda Exclusiva, Donde la Tradici\u00f3n se Une con la Modernidad para Crear Looks \u00danicos y Sofisticados. \u00a1D\u00e9janos Transformar tu Estilo!\",\"publisher\":{\"@id\":\"https:\/\/navabarber.com\/#organization\"},\"alternateName\":\"NavaBarber\",\"potentialAction\":[{\"@type\":\"SearchAction\",\"target\":{\"@type\":\"EntryPoint\",\"urlTemplate\":\"https:\/\/navabarber.com\/?s={search_term_string}\"},\"query-input\":\"required name=search_term_string\"}],\"inLanguage\":\"es\"},{\"@type\":\"Organization\",\"@id\":\"https:\/\/navabarber.com\/#organization\",\"name\":\"Nava Barber\",\"alternateName\":\"NavaBarber\",\"url\":\"https:\/\/navabarber.com\/\",\"logo\":{\"@type\":\"ImageObject\",\"inLanguage\":\"es\",\"@id\":\"https:\/\/navabarber.com\/#\/schema\/logo\/image\/\",\"url\":\"https:\/\/navabarber.com\/wp-content\/uploads\/2024\/04\/logoNV.png\",\"contentUrl\":\"https:\/\/navabarber.com\/wp-content\/uploads\/2024\/04\/logoNV.png\",\"width\":516,\"height\":484,\"caption\":\"Nava Barber\"},\"image\":{\"@id\":\"https:\/\/navabarber.com\/#\/schema\/logo\/image\/\"},\"sameAs\":[\"https:\/\/www.tiktok.com\/@nava.barber\",\"https:\/\/www.instagram.com\/nava.barber\/\"]}]}<\/script>\n<!-- \/ Yoast SEO plugin. -->","yoast_head_json":{"title":"Pol\u00edtica de privacidad - Nava Barber","description":"Pol\u00edtica de privacidad","robots":{"index":"index","follow":"follow","max-snippet":"max-snippet:-1","max-image-preview":"max-image-preview:large","max-video-preview":"max-video-preview:-1"},"canonical":"https:\/\/navabarber.com\/?page_id=3","og_locale":"es_ES","og_type":"article","og_title":"Pol\u00edtica de privacidad - Nava Barber","og_description":"Pol\u00edtica de privacidad","og_url":"https:\/\/navabarber.com\/?page_id=3","og_site_name":"Nava Barber","article_modified_time":"2025-06-21T14:59:02+00:00","og_image":[{"width":516,"height":484,"url":"https:\/\/navabarber.com\/wp-content\/uploads\/2024\/04\/logoNV.png","type":"image\/png"}],"twitter_card":"summary_large_image","twitter_misc":{"Tiempo de lectura":"5 minutos"},"schema":{"@context":"https:\/\/schema.org","@graph":[{"@type":"WebPage","@id":"https:\/\/navabarber.com\/?page_id=3","url":"https:\/\/navabarber.com\/?page_id=3","name":"Pol\u00edtica de privacidad - Nava Barber","isPartOf":{"@id":"https:\/\/navabarber.com\/#website"},"datePublished":"2024-04-17T16:53:40+00:00","dateModified":"2025-06-21T14:59:02+00:00","description":"Pol\u00edtica de privacidad","breadcrumb":{"@id":"https:\/\/navabarber.com\/?page_id=3#breadcrumb"},"inLanguage":"es","potentialAction":[{"@type":"ReadAction","target":["https:\/\/navabarber.com\/?page_id=3"]}]},{"@type":"BreadcrumbList","@id":"https:\/\/navabarber.com\/?page_id=3#breadcrumb","itemListElement":[{"@type":"ListItem","position":1,"name":"Portada","item":"https:\/\/navabarber.com\/"},{"@type":"ListItem","position":2,"name":"Pol\u00edtica de privacidad"}]},{"@type":"WebSite","@id":"https:\/\/navabarber.com\/#website","url":"https:\/\/navabarber.com\/","name":"Nava Barber","description":"Nava Barber: Donde el Estilo se Encuentra con la Elegancia Masculina. \u00a1Tu Destino para Cortes y Afeitados Precisos! Sum\u00e9rgete en una Experiencia de Barber\u00eda Exclusiva, Donde la Tradici\u00f3n se Une con la Modernidad para Crear Looks \u00danicos y Sofisticados. \u00a1D\u00e9janos Transformar tu Estilo!","publisher":{"@id":"https:\/\/navabarber.com\/#organization"},"alternateName":"NavaBarber","potentialAction":[{"@type":"SearchAction","target":{"@type":"EntryPoint","urlTemplate":"https:\/\/navabarber.com\/?s={search_term_string}"},"query-input":"required name=search_term_string"}],"inLanguage":"es"},{"@type":"Organization","@id":"https:\/\/navabarber.com\/#organization","name":"Nava Barber","alternateName":"NavaBarber","url":"https:\/\/navabarber.com\/","logo":{"@type":"ImageObject","inLanguage":"es","@id":"https:\/\/navabarber.com\/#\/schema\/logo\/image\/","url":"https:\/\/navabarber.com\/wp-content\/uploads\/2024\/04\/logoNV.png","contentUrl":"https:\/\/navabarber.com\/wp-content\/uploads\/2024\/04\/logoNV.png","width":516,"height":484,"caption":"Nava Barber"},"image":{"@id":"https:\/\/navabarber.com\/#\/schema\/logo\/image\/"},"sameAs":["https:\/\/www.tiktok.com\/@nava.barber","https:\/\/www.instagram.com\/nava.barber\/"]}]}},"_links":{"self":[{"href":"https:\/\/navabarber.com\/index.php?rest_route=\/wp\/v2\/pages\/3"}],"collection":[{"href":"https:\/\/navabarber.com\/index.php?rest_route=\/wp\/v2\/pages"}],"about":[{"href":"https:\/\/navabarber.com\/index.php?rest_route=\/wp\/v2\/types\/page"}],"author":[{"embeddable":true,"href":"https:\/\/navabarber.com\/index.php?rest_route=\/wp\/v2\/users\/1"}],"replies":[{"embeddable":true,"href":"https:\/\/navabarber.com\/index.php?rest_route=%2Fwp%2Fv2%2Fcomments&post=3"}],"version-history":[{"count":3,"href":"https:\/\/navabarber.com\/index.php?rest_route=\/wp\/v2\/pages\/3\/revisions"}],"predecessor-version":[{"id":82,"href":"https:\/\/navabarber.com\/index.php?rest_route=\/wp\/v2\/pages\/3\/revisions\/82"}],"wp:attachment":[{"href":"https:\/\/navabarber.com\/index.php?rest_route=%2Fwp%2Fv2%2Fmedia&parent=3"}],"curies":[{"name":"wp","href":"https:\/\/api.w.org\/{rel}","templated":true}]}}