{"id":34,"date":"2024-04-20T22:47:02","date_gmt":"2024-04-20T22:47:02","guid":{"rendered":"https:\/\/navabarber.com\/?page_id=34"},"modified":"2024-04-20T23:28:55","modified_gmt":"2024-04-20T23:28:55","slug":"conocenos","status":"publish","type":"page","link":"https:\/\/navabarber.com\/?page_id=34","title":{"rendered":"Con\u00f3cenos"},"content":{"rendered":"\t\t<div data-elementor-type=\"wp-page\" data-elementor-id=\"34\" class=\"elementor elementor-34\">\n\t\t\t\t<div class=\"elementor-element elementor-element-3429f471 e-flex e-con-boxed e-con e-parent\" data-id=\"3429f471\" data-element_type=\"container\">\n\t\t\t\t\t<div class=\"e-con-inner\">\n\t\t\t\t<div class=\"elementor-element elementor-element-2037eb6 elementor-widget elementor-widget-image\" data-id=\"2037eb6\" data-element_type=\"widget\" data-widget_type=\"image.default\">\n\t\t\t\t<div class=\"elementor-widget-container\">\n\t\t\t<style>\/*! elementor - v3.21.0 - 18-04-2024 *\/\n.elementor-widget-image{text-align:center}.elementor-widget-image a{display:inline-block}.elementor-widget-image a img[src$=\".svg\"]{width:48px}.elementor-widget-image img{vertical-align:middle;display:inline-block}<\/style>\t\t\t\t\t\t\t\t\t\t<img decoding=\"async\" src=\"https:\/\/navabarber.com\/wp-content\/uploads\/elementor\/thumbs\/WhatsApp-Image-2024-04-11-at-9.59.31-PM-modified-qn0ci3r64d6ucapowz7z9cp5hw1bbjwzdwe10r6ru8.jpeg\" title=\"conocenosBN\" alt=\"conocenosBN\" loading=\"lazy\" \/>\t\t\t\t\t\t\t\t\t\t\t\t\t<\/div>\n\t\t\t\t<\/div>\n\t\t\t\t<div class=\"elementor-element elementor-element-20cfda82 elementor-widget elementor-widget-text-editor\" data-id=\"20cfda82\" data-element_type=\"widget\" data-widget_type=\"text-editor.default\">\n\t\t\t\t<div class=\"elementor-widget-container\">\n\t\t\t<style>\/*! elementor - v3.21.0 - 18-04-2024 *\/\n.elementor-widget-text-editor.elementor-drop-cap-view-stacked .elementor-drop-cap{background-color:#69727d;color:#fff}.elementor-widget-text-editor.elementor-drop-cap-view-framed .elementor-drop-cap{color:#69727d;border:3px solid;background-color:transparent}.elementor-widget-text-editor:not(.elementor-drop-cap-view-default) .elementor-drop-cap{margin-top:8px}.elementor-widget-text-editor:not(.elementor-drop-cap-view-default) .elementor-drop-cap-letter{width:1em;height:1em}.elementor-widget-text-editor .elementor-drop-cap{float:left;text-align:center;line-height:1;font-size:50px}.elementor-widget-text-editor .elementor-drop-cap-letter{display:inline-block}<\/style>\t\t\t\t<!-- wp:paragraph -->\n<p>\u00a1Bienvenido a Nava Barber, el destino definitivo para los caballeros modernos en Elche! Nuestra barber\u00eda es mucho m\u00e1s que un lugar para un corte de cabello; es un santuario de estilo y elegancia para el hombre contempor\u00e1neo.<\/p>\n<!-- \/wp:paragraph -->\n\n<!-- wp:paragraph -->\n<p>Desde el momento en que pones un pie en nuestro local, te sumergir\u00e1s en una experiencia \u00fanica. Nuestro ambiente est\u00e1 dise\u00f1ado para capturar la esencia de la masculinidad refinada, con tonos c\u00e1lidos y detalles vintage que crean una atm\u00f3sfera acogedora y sofisticada. El olor a productos de alta calidad y afeitadoras cl\u00e1sicas te transportar\u00e1 a una \u00e9poca en la que el cuidado personal era un arte.<\/p>\n<!-- \/wp:paragraph -->\n\n<!-- wp:paragraph -->\n<p>En Nava Barber, entendemos que cada cliente es \u00fanico, y por eso nos esforzamos por brindar un servicio personalizado y de calidad excepcional. Como el \u00fanico estilista en el establecimiento, V\u00edctor se dedica por completo a satisfacer las necesidades y deseos de cada cliente. Su experiencia y habilidad garantizan cortes de cabello y afeitados impecables que realzan la apariencia de cada individuo.<\/p>\n<!-- \/wp:paragraph -->\n\n<!-- wp:paragraph -->\n<p>Pero en Nava Barber, no solo nos preocupamos por tu apariencia externa, sino tambi\u00e9n por tu bienestar general. Aqu\u00ed, cada visita es una oportunidad para relajarte y rejuvenecer. Desde el momento en que te acomodas en nuestra silla de barbero, te mimaremos con un servicio de atenci\u00f3n al cliente excepcional. Nuestro objetivo es que te sientas como en casa mientras disfrutas de una experiencia de barber\u00eda de primera clase.<\/p>\n<!-- \/wp:paragraph -->\n\n<!-- wp:paragraph -->\n<p>Nuestros servicios van m\u00e1s all\u00e1 del corte de cabello tradicional. Ofrecemos una amplia gama de tratamientos, desde afeitados cl\u00e1sicos con navaja caliente hasta servicios de arreglo de barba y tratamientos capilares. Utilizamos solo los mejores productos para el cuidado del cabello y la piel, seleccionados cuidadosamente para proporcionarte resultados superiores y duraderos.<\/p>\n<!-- \/wp:paragraph -->\n\n<!-- wp:paragraph -->\n<p>En Nava Barber, no solo nos dedicamos a embellecer a nuestros clientes, sino que tambi\u00e9n nos comprometemos a construir relaciones duraderas basadas en la confianza y la satisfacci\u00f3n. Cada visita a nuestra barber\u00eda es una oportunidad para conectarnos contigo, escuchar tus necesidades y superar tus expectativas.<\/p>\n<!-- \/wp:paragraph -->\n\n<!-- wp:paragraph -->\n<p>As\u00ed que si est\u00e1s buscando m\u00e1s que un simple corte de cabello, si buscas una experiencia de barber\u00eda que eleve tu estilo y te haga sentir renovado, ven a Nava Barber. D\u00e9jate consentir por V\u00edctor y su equipo, y descubre por qu\u00e9 somos el destino preferido de los caballeros exigentes en Elche. Estamos aqu\u00ed para transformar tu apariencia y elevar tu confianza, un corte a la vez.<\/p>\n<!-- \/wp:paragraph -->\t\t\t\t\t\t<\/div>\n\t\t\t\t<\/div>\n\t\t\t\t\t<\/div>\n\t\t\t\t<\/div>\n\t\t\t\t<\/div>\n\t\t","protected":false},"excerpt":{"rendered":"<p>\u00a1Bienvenido a Nava Barber, el destino definitivo para los caballeros modernos en Elche! Nuestra barber\u00eda es mucho m\u00e1s que un lugar para un corte de cabello; es un santuario de estilo y elegancia para el hombre contempor\u00e1neo. Desde el momento en que pones un pie en nuestro local, te sumergir\u00e1s en una experiencia \u00fanica. Nuestro [&hellip;]<\/p>\n","protected":false},"author":1,"featured_media":0,"parent":0,"menu_order":0,"comment_status":"closed","ping_status":"closed","template":"","meta":{"footnotes":""},"yoast_head":"<!-- This site is optimized with the Yoast SEO plugin v22.5 - https:\/\/yoast.com\/wordpress\/plugins\/seo\/ -->\n<title>Con\u00f3cenos - Nava Barber<\/title>\n<meta name=\"description\" content=\"Con\u00f3cenos\" \/>\n<meta name=\"robots\" content=\"index, follow, max-snippet:-1, max-image-preview:large, max-video-preview:-1\" \/>\n<link rel=\"canonical\" href=\"https:\/\/navabarber.com\/?page_id=34\" \/>\n<meta property=\"og:locale\" content=\"es_ES\" \/>\n<meta property=\"og:type\" content=\"article\" \/>\n<meta property=\"og:title\" content=\"Con\u00f3cenos - Nava Barber\" \/>\n<meta property=\"og:description\" content=\"Con\u00f3cenos\" \/>\n<meta property=\"og:url\" content=\"https:\/\/navabarber.com\/?page_id=34\" \/>\n<meta property=\"og:site_name\" content=\"Nava Barber\" \/>\n<meta property=\"article:modified_time\" content=\"2024-04-20T23:28:55+00:00\" \/>\n<meta property=\"og:image\" content=\"https:\/\/navabarber.com\/wp-content\/uploads\/elementor\/thumbs\/WhatsApp-Image-2024-04-11-at-9.59.31-PM-modified-qn0ci3r64d6ucapowz7z9cp5hw1bbjwzdwe10r6ru8.jpeg\" \/>\n<meta name=\"twitter:card\" content=\"summary_large_image\" \/>\n<meta name=\"twitter:label1\" content=\"Tiempo de lectura\" \/>\n\t<meta name=\"twitter:data1\" content=\"3 minutos\" \/>\n<script type=\"application\/ld+json\" class=\"yoast-schema-graph\">{\"@context\":\"https:\/\/schema.org\",\"@graph\":[{\"@type\":\"WebPage\",\"@id\":\"https:\/\/navabarber.com\/?page_id=34\",\"url\":\"https:\/\/navabarber.com\/?page_id=34\",\"name\":\"Con\u00f3cenos - Nava Barber\",\"isPartOf\":{\"@id\":\"https:\/\/navabarber.com\/#website\"},\"primaryImageOfPage\":{\"@id\":\"https:\/\/navabarber.com\/?page_id=34#primaryimage\"},\"image\":{\"@id\":\"https:\/\/navabarber.com\/?page_id=34#primaryimage\"},\"thumbnailUrl\":\"https:\/\/navabarber.com\/wp-content\/uploads\/elementor\/thumbs\/WhatsApp-Image-2024-04-11-at-9.59.31-PM-modified-qn0ci3r64d6ucapowz7z9cp5hw1bbjwzdwe10r6ru8.jpeg\",\"datePublished\":\"2024-04-20T22:47:02+00:00\",\"dateModified\":\"2024-04-20T23:28:55+00:00\",\"description\":\"Con\u00f3cenos\",\"breadcrumb\":{\"@id\":\"https:\/\/navabarber.com\/?page_id=34#breadcrumb\"},\"inLanguage\":\"es\",\"potentialAction\":[{\"@type\":\"ReadAction\",\"target\":[\"https:\/\/navabarber.com\/?page_id=34\"]}]},{\"@type\":\"ImageObject\",\"inLanguage\":\"es\",\"@id\":\"https:\/\/navabarber.com\/?page_id=34#primaryimage\",\"url\":\"https:\/\/navabarber.com\/wp-content\/uploads\/elementor\/thumbs\/WhatsApp-Image-2024-04-11-at-9.59.31-PM-modified-qn0ci3r64d6ucapowz7z9cp5hw1bbjwzdwe10r6ru8.jpeg\",\"contentUrl\":\"https:\/\/navabarber.com\/wp-content\/uploads\/elementor\/thumbs\/WhatsApp-Image-2024-04-11-at-9.59.31-PM-modified-qn0ci3r64d6ucapowz7z9cp5hw1bbjwzdwe10r6ru8.jpeg\"},{\"@type\":\"BreadcrumbList\",\"@id\":\"https:\/\/navabarber.com\/?page_id=34#breadcrumb\",\"itemListElement\":[{\"@type\":\"ListItem\",\"position\":1,\"name\":\"Portada\",\"item\":\"https:\/\/navabarber.com\/\"},{\"@type\":\"ListItem\",\"position\":2,\"name\":\"Con\u00f3cenos\"}]},{\"@type\":\"WebSite\",\"@id\":\"https:\/\/navabarber.com\/#website\",\"url\":\"https:\/\/navabarber.com\/\",\"name\":\"Nava Barber\",\"description\":\"Nava Barber: Donde el Estilo se Encuentra con la Elegancia Masculina. \u00a1Tu Destino para Cortes y Afeitados Precisos! Sum\u00e9rgete en una Experiencia de Barber\u00eda Exclusiva, Donde la Tradici\u00f3n se Une con la Modernidad para Crear Looks \u00danicos y Sofisticados. \u00a1D\u00e9janos Transformar tu Estilo!\",\"publisher\":{\"@id\":\"https:\/\/navabarber.com\/#organization\"},\"alternateName\":\"NavaBarber\",\"potentialAction\":[{\"@type\":\"SearchAction\",\"target\":{\"@type\":\"EntryPoint\",\"urlTemplate\":\"https:\/\/navabarber.com\/?s={search_term_string}\"},\"query-input\":\"required name=search_term_string\"}],\"inLanguage\":\"es\"},{\"@type\":\"Organization\",\"@id\":\"https:\/\/navabarber.com\/#organization\",\"name\":\"Nava Barber\",\"alternateName\":\"NavaBarber\",\"url\":\"https:\/\/navabarber.com\/\",\"logo\":{\"@type\":\"ImageObject\",\"inLanguage\":\"es\",\"@id\":\"https:\/\/navabarber.com\/#\/schema\/logo\/image\/\",\"url\":\"https:\/\/navabarber.com\/wp-content\/uploads\/2024\/04\/logoNV.png\",\"contentUrl\":\"https:\/\/navabarber.com\/wp-content\/uploads\/2024\/04\/logoNV.png\",\"width\":516,\"height\":484,\"caption\":\"Nava Barber\"},\"image\":{\"@id\":\"https:\/\/navabarber.com\/#\/schema\/logo\/image\/\"},\"sameAs\":[\"https:\/\/www.tiktok.com\/@nava.barber\",\"https:\/\/www.instagram.com\/nava.barber\/\"]}]}<\/script>\n<!-- \/ Yoast SEO plugin. -->","yoast_head_json":{"title":"Con\u00f3cenos - Nava Barber","description":"Con\u00f3cenos","robots":{"index":"index","follow":"follow","max-snippet":"max-snippet:-1","max-image-preview":"max-image-preview:large","max-video-preview":"max-video-preview:-1"},"canonical":"https:\/\/navabarber.com\/?page_id=34","og_locale":"es_ES","og_type":"article","og_title":"Con\u00f3cenos - Nava Barber","og_description":"Con\u00f3cenos","og_url":"https:\/\/navabarber.com\/?page_id=34","og_site_name":"Nava Barber","article_modified_time":"2024-04-20T23:28:55+00:00","og_image":[{"url":"https:\/\/navabarber.com\/wp-content\/uploads\/elementor\/thumbs\/WhatsApp-Image-2024-04-11-at-9.59.31-PM-modified-qn0ci3r64d6ucapowz7z9cp5hw1bbjwzdwe10r6ru8.jpeg"}],"twitter_card":"summary_large_image","twitter_misc":{"Tiempo de lectura":"3 minutos"},"schema":{"@context":"https:\/\/schema.org","@graph":[{"@type":"WebPage","@id":"https:\/\/navabarber.com\/?page_id=34","url":"https:\/\/navabarber.com\/?page_id=34","name":"Con\u00f3cenos - Nava Barber","isPartOf":{"@id":"https:\/\/navabarber.com\/#website"},"primaryImageOfPage":{"@id":"https:\/\/navabarber.com\/?page_id=34#primaryimage"},"image":{"@id":"https:\/\/navabarber.com\/?page_id=34#primaryimage"},"thumbnailUrl":"https:\/\/navabarber.com\/wp-content\/uploads\/elementor\/thumbs\/WhatsApp-Image-2024-04-11-at-9.59.31-PM-modified-qn0ci3r64d6ucapowz7z9cp5hw1bbjwzdwe10r6ru8.jpeg","datePublished":"2024-04-20T22:47:02+00:00","dateModified":"2024-04-20T23:28:55+00:00","description":"Con\u00f3cenos","breadcrumb":{"@id":"https:\/\/navabarber.com\/?page_id=34#breadcrumb"},"inLanguage":"es","potentialAction":[{"@type":"ReadAction","target":["https:\/\/navabarber.com\/?page_id=34"]}]},{"@type":"ImageObject","inLanguage":"es","@id":"https:\/\/navabarber.com\/?page_id=34#primaryimage","url":"https:\/\/navabarber.com\/wp-content\/uploads\/elementor\/thumbs\/WhatsApp-Image-2024-04-11-at-9.59.31-PM-modified-qn0ci3r64d6ucapowz7z9cp5hw1bbjwzdwe10r6ru8.jpeg","contentUrl":"https:\/\/navabarber.com\/wp-content\/uploads\/elementor\/thumbs\/WhatsApp-Image-2024-04-11-at-9.59.31-PM-modified-qn0ci3r64d6ucapowz7z9cp5hw1bbjwzdwe10r6ru8.jpeg"},{"@type":"BreadcrumbList","@id":"https:\/\/navabarber.com\/?page_id=34#breadcrumb","itemListElement":[{"@type":"ListItem","position":1,"name":"Portada","item":"https:\/\/navabarber.com\/"},{"@type":"ListItem","position":2,"name":"Con\u00f3cenos"}]},{"@type":"WebSite","@id":"https:\/\/navabarber.com\/#website","url":"https:\/\/navabarber.com\/","name":"Nava Barber","description":"Nava Barber: Donde el Estilo se Encuentra con la Elegancia Masculina. \u00a1Tu Destino para Cortes y Afeitados Precisos! Sum\u00e9rgete en una Experiencia de Barber\u00eda Exclusiva, Donde la Tradici\u00f3n se Une con la Modernidad para Crear Looks \u00danicos y Sofisticados. \u00a1D\u00e9janos Transformar tu Estilo!","publisher":{"@id":"https:\/\/navabarber.com\/#organization"},"alternateName":"NavaBarber","potentialAction":[{"@type":"SearchAction","target":{"@type":"EntryPoint","urlTemplate":"https:\/\/navabarber.com\/?s={search_term_string}"},"query-input":"required name=search_term_string"}],"inLanguage":"es"},{"@type":"Organization","@id":"https:\/\/navabarber.com\/#organization","name":"Nava Barber","alternateName":"NavaBarber","url":"https:\/\/navabarber.com\/","logo":{"@type":"ImageObject","inLanguage":"es","@id":"https:\/\/navabarber.com\/#\/schema\/logo\/image\/","url":"https:\/\/navabarber.com\/wp-content\/uploads\/2024\/04\/logoNV.png","contentUrl":"https:\/\/navabarber.com\/wp-content\/uploads\/2024\/04\/logoNV.png","width":516,"height":484,"caption":"Nava Barber"},"image":{"@id":"https:\/\/navabarber.com\/#\/schema\/logo\/image\/"},"sameAs":["https:\/\/www.tiktok.com\/@nava.barber","https:\/\/www.instagram.com\/nava.barber\/"]}]}},"_links":{"self":[{"href":"https:\/\/navabarber.com\/index.php?rest_route=\/wp\/v2\/pages\/34"}],"collection":[{"href":"https:\/\/navabarber.com\/index.php?rest_route=\/wp\/v2\/pages"}],"about":[{"href":"https:\/\/navabarber.com\/index.php?rest_route=\/wp\/v2\/types\/page"}],"author":[{"embeddable":true,"href":"https:\/\/navabarber.com\/index.php?rest_route=\/wp\/v2\/users\/1"}],"replies":[{"embeddable":true,"href":"https:\/\/navabarber.com\/index.php?rest_route=%2Fwp%2Fv2%2Fcomments&post=34"}],"version-history":[{"count":5,"href":"https:\/\/navabarber.com\/index.php?rest_route=\/wp\/v2\/pages\/34\/revisions"}],"predecessor-version":[{"id":49,"href":"https:\/\/navabarber.com\/index.php?rest_route=\/wp\/v2\/pages\/34\/revisions\/49"}],"wp:attachment":[{"href":"https:\/\/navabarber.com\/index.php?rest_route=%2Fwp%2Fv2%2Fmedia&parent=34"}],"curies":[{"name":"wp","href":"https:\/\/api.w.org\/{rel}","templated":true}]}}