{"id":56,"date":"2024-04-21T07:49:56","date_gmt":"2024-04-21T07:49:56","guid":{"rendered":"https:\/\/navabarber.com\/?page_id=56"},"modified":"2025-06-21T14:58:37","modified_gmt":"2025-06-21T14:58:37","slug":"aviso-legal","status":"publish","type":"page","link":"https:\/\/navabarber.com\/?page_id=56","title":{"rendered":"Aviso legal"},"content":{"rendered":"\n<p>Aviso Legal<\/p>\n\n\n\n<p>Condiciones generales de utilizaci\u00f3n de la web<\/p>\n\n\n\n<p>EL TITULAR le informa que, el acceso y utilizaci\u00f3n de esta p\u00e1gina web y todas las URLs, subdominios y directorios incluidos bajo la misma, as\u00ed como los servicios o contenidos que a trav\u00e9s de este sitio se puedan obtener, est\u00e1n sujetos a los t\u00e9rminos recogidos y detallados en el propio Aviso Legal, en la Pol\u00edtica de Privacidad y Pol\u00edtica de Cookies, sin perjuicio de que el acceso a alguno de dichos servicios o contenidos pueda precisar de la aceptaci\u00f3n de unas condiciones generales, particulares o adicionales.<\/p>\n\n\n\n<p>Por consiguiente, si las consideraciones detalladas en estos textos legales, no son de su conformidad, rogamos que no haga uso de esta web, ya que cualquier utilizaci\u00f3n que haga de ella o de los servicios y contenidos en ella incluidos, implicar\u00e1 la aceptaci\u00f3n de los t\u00e9rminos legales recogidos.<\/p>\n\n\n\n<p>Debido a la propia naturaleza de Internet, dada la posibilidad de que se pueda acceder a esta p\u00e1gina desde cualquier parte del mundo, los contenidos, as\u00ed como los servicios que en general ofrece EL TITULAR est\u00e1n accesibles a clientes que se mueven en cualquier pa\u00eds. No obstante, lo anterior, al solicitar la contrataci\u00f3n de cualquier tipo de servicio y contenidos ofrecidos, EL TITULAR se reserva el derecho a rechazar la prestaci\u00f3n de servicios o el env\u00edo de contenidos, en aquellos casos que estime oportuno.<\/p>\n\n\n\n<p>EL TITULAR se reserva el derecho a realizar cambios en la web sin previo aviso, con el objeto de actualizar, corregir, modificar, a\u00f1adir, cancelar o eliminar los contenidos o el dise\u00f1o de la web. Los servicios y contenidos de la web son susceptibles de actualizarse peri\u00f3dicamente, y, debido a que la actualizaci\u00f3n de la informaci\u00f3n no es inmediata, le sugerimos que compruebe siempre la vigencia y exactitud de la informaci\u00f3n, servicios y contenidos recogidos aqu\u00ed.<\/p>\n\n\n\n<p>Las condiciones y t\u00e9rminos de utilizaci\u00f3n que se recogen en el presente Aviso Legal pueden cambiar, por lo que le proponemos que revise estos t\u00e9rminos cuando visite de nuevo la web o solicite un nuevo servicio. As\u00ed mismo, el presente Aviso Legal se entender\u00e1 sin perjuicio de cualesquiera otras Pol\u00edticas y\/o Condiciones Generales, y particulares, que regulen el acceso a bienes y servicios concretos dentro de la web.<br>Derechos de propiedad intelectual y de propiedad industrial<\/p>\n\n\n\n<p>Tanto el dise\u00f1o de este sitio web, sus c\u00f3digos fuente, logotipos, im\u00e1genes, melod\u00edas, marcas y dem\u00e1s signos distintivos que aparecen, pertenecen a sus respectivos autores y est\u00e1n protegidos por los correspondientes derechos de propiedad intelectual e industrial.<\/p>\n\n\n\n<p>Su utilizaci\u00f3n, reproducci\u00f3n, distribuci\u00f3n, comunicaci\u00f3n p\u00fablica, transformaci\u00f3n o cualquier otra acci\u00f3n semejante, est\u00e1 totalmente prohibida salvo autorizaci\u00f3n expresa por escrito de su creador y\/o propietario de los derechos.<\/p>\n\n\n\n<p>En todo caso, EL TITULAR declara su respeto a los derechos de propiedad intelectual e industrial de terceros; por ello, si considera que este sitio pudiera estar violando sus derechos, rogamos se ponga en contacto con EL TITULAR dirigi\u00e9ndose a trav\u00e9s de los medios proporcionados en el encabezado.<br>Links o hiperenlaces<\/p>\n\n\n\n<p>Desde esta web, EL TITULAR le proporciona o puede proporcionarle el acceso a otras p\u00e1ginas web que considera pueden ser de su inter\u00e9s. El objeto de dichos enlaces es meramente el facilitar la b\u00fasqueda de los recursos que le puedan interesar en Internet. No obstante, dichas p\u00e1ginas no pertenecen a EL TITULAR, ni hace una revisi\u00f3n de sus contenidos, por ello, no se hace responsable de los mismos, del funcionamiento de la p\u00e1gina enlazada o de los posibles da\u00f1os que puedan derivarse del acceso o uso de la misma. As\u00ed mismo, EL TITULAR, se muestra plenamente respetuoso con los derechos de propiedad intelectual o industrial que correspondan o puedan corresponder a terceras personas, sobre las p\u00e1ginas web a las que se refieran los citados enlaces. Por tal motivo, si considera que el establecimiento de los citados enlaces pudiera estar violando sus derechos, rogamos se ponga en contacto con EL TITULAR a trav\u00e9s de los medios proporcionados en el encabezado.<\/p>\n\n\n\n<p>Con car\u00e1cter general se autoriza el enlace de p\u00e1ginas web o de direcciones de correo electr\u00f3nico a la web, excepci\u00f3n hecha de aquellos supuestos en los que, expresamente EL TITULAR manifieste lo contrario. Adicionalmente, y en todo caso para entender aplicable esta autorizaci\u00f3n general, dichos enlaces deber\u00e1n respetar, necesariamente, la siguiente condici\u00f3n: el establecimiento del enlace no supondr\u00e1, por s\u00ed mismo, ning\u00fan tipo de acuerdo, contrato, patrocinio ni recomendaci\u00f3n por parte de EL TITULAR de la p\u00e1gina que realiza el enlace.<\/p>\n\n\n\n<p>No obstante, lo anterior, en cualquier momento EL TITULAR podr\u00e1 retirar la autorizaci\u00f3n mencionada en el p\u00e1rrafo anterior, sin necesidad de alegar causa alguna. En tal caso, la p\u00e1gina que haya realizado el enlace deber\u00e1 proceder a su inmediata supresi\u00f3n, tan pronto como reciba la notificaci\u00f3n de la revocaci\u00f3n de la autorizaci\u00f3n por parte de EL TITULAR.<br>Frames o marcos<\/p>\n\n\n\n<p>EL TITULAR proh\u00edbe expresamente la realizaci\u00f3n de \u00abframings\u00bb o la utilizaci\u00f3n por parte de terceros de cualesquiera otros mecanismos que alteren el dise\u00f1o, configuraci\u00f3n original o contenidos web.<br>Publicidad<\/p>\n\n\n\n<p>En la web se insertar\u00e1 aquella publicidad de EL TITULAR o de terceras empresas anunciantes que consideremos pueda ser de su inter\u00e9s.<\/p>\n\n\n\n<p>Sin perjuicio de lo establecido en la Pol\u00edtica de Privacidad, EL TITULAR se compromete a no facilitar informaci\u00f3n suya a los anunciantes, salvo datos estad\u00edsticos an\u00f3nimos sobre la utilizaci\u00f3n de la web, con la finalidad de que se pueda mejorar el servicio y ofrecer productos conforme a las expectativas de los usuarios.<\/p>\n\n\n\n<p>No obstante, EL TITULAR le informa de que los anunciantes y proveedores, por medio de cookies, pueden tener la posibilidad de obtener informaci\u00f3n sobre usted, los usos que hace de los servicios y sus movimientos a trav\u00e9s de la red. Por no tener vinculaci\u00f3n con los usos que de dicha informaci\u00f3n pueda realizar la empresa anunciante, EL TITULAR no se hace responsable de la recogida de informaci\u00f3n por dichas empresas.<\/p>\n\n\n\n<p>EL TITULAR puede utilizar cookies cuando un usuario navega por sus sitios y p\u00e1ginas web. Las cookies que se puedan utilizar en los sitios y p\u00e1ginas web de EL TITULAR se asocian \u00fanicamente con el navegador de un ordenador determinado (un usuario an\u00f3nimo), y no proporcionan por s\u00ed mismas ning\u00fan dato personal del usuario. Las cookies sirven solo para fines exclusivamente internos, como son las estad\u00edsticas de acceso a este sitio web. Las cookies utilizadas no pueden leer los archivos cookie creados por otros proveedores o sitios web. El Usuario tiene la posibilidad de configurar su navegador para ser avisado en pantalla de la recepci\u00f3n de cookies y para impedir la instalaci\u00f3n de cookies en su disco duro. Por favor, consulte las instrucciones y manuales de su navegador para ampliar esta informaci\u00f3n.<br>Responsabilidades del usuario<\/p>\n\n\n\n<p>El usuario se compromete a utilizar los servicios de la web de acuerdo con los t\u00e9rminos expresados en el presente Aviso Legal, siendo responsable de su uso correcto.<\/p>\n\n\n\n<p>El usuario que act\u00fae contra la imagen, buen nombre o reputaci\u00f3n de EL TITULAR, as\u00ed como quien utilice il\u00edcita o fraudulentamente los dise\u00f1os, logos o contenidos de la web y\/o atente en cualquier forma contra los derechos de propiedad intelectual e industrial de la web o de los contenidos y servicios del mismo, ser\u00e1 responsable frente a EL TITULAR de su actuaci\u00f3n.<br>Responsabilidades de EL TITULAR<br>Utilizaci\u00f3n incorrecta:<\/p>\n\n\n\n<p>EL TITULAR ha creado la web para la promoci\u00f3n de sus productos y\/o servicios, pero no puede controlar su utilizaci\u00f3n de forma distinta a la prevista en el presente Aviso Legal; por lo tanto, el acceso y uso correcto de la informaci\u00f3n contenida en la web es responsabilidad de quien realiza estas acciones, no siendo responsable EL TITULAR por el uso incorrecto, il\u00edcito o negligente que del mismo pudiere hacer el usuario.<br>Contenidos:<\/p>\n\n\n\n<p>EL TITULAR facilita todos los contenidos de su web, bajo determinadas condiciones de buena fe, y se esforzar\u00e1 en la medida de lo posible para que los mismos est\u00e9n actualizados y vigentes; no obstante, EL TITULAR no puede asumir responsabilidad alguna respecto al uso o acceso que realicen los usuarios fuera del \u00e1mbito al que se dirige la web, cuya responsabilidad final recaer\u00e1 sobre el usuario. As\u00ed mismo EL TITULAR no puede controlar los contenidos que no hayan sido elaborados por el o por terceros cumpliendo su encargo por lo que, no responder\u00e1 en ning\u00fan caso de los da\u00f1os, contenidos e indisponibilidades t\u00e9cnicas que pudieran causarse por parte de dichos terceros.<br>Publicidad:<\/p>\n\n\n\n<p>EL TITULAR incluir\u00e1 en la web publicidad propia o de terceros para ofrecerle productos o servicios que entienda que pueden ser de su inter\u00e9s. Sin embargo, y en lo que respecta a la publicidad de terceros, EL TITULAR no puede controlar la apariencia de dicha publicidad, ni la calidad y adecuaci\u00f3n de los productos o servicios a que esta se refiera, por lo que no responder\u00e1 de ning\u00fan da\u00f1o que se pudiera generar al usuario por dichas causas atribuibles a terceros.<br>Virus:<\/p>\n\n\n\n<p>EL TITULAR se compromete a aplicar en la medida de lo posible, las medidas oportunas a su alcance para intentar garantizar al usuario la ausencia en su web de: virus, gusanos, troyanos, spam, etc\u2026 No obstante, estas medidas no son 100% infalibles y, por ello, EL TITULAR no puede asegurar totalmente la ausencia de dichos elementos indeseables. En consecuencia, EL TITULAR no ser\u00e1 responsable de los da\u00f1os que los mismos pudieran producir al usuario.<br>Fallos tecnol\u00f3gicos:<\/p>\n\n\n\n<p>EL TITULAR pone los medios necesarios a su alcance para la continuidad de esta web y realizar\u00e1 sus mejores esfuerzos para que el mismo no sufra interrupciones, pero no puede garantizar la ausencia de fallos tecnol\u00f3gicos, ni la permanente disponibilidad de la web y de los servicios contenidos en \u00e9l, en consecuencia no se asume responsabilidad alguna por los da\u00f1os y perjuicios que puedan generarse por la falta de disponibilidad y por los fallos en el acceso ocasionados por desconexiones, aver\u00edas, sobrecargas o ca\u00eddas de la red no imputables a EL TITULAR.<br>Ley aplicable y jurisdicci\u00f3n<\/p>\n\n\n\n<p>La Ley aplicable en caso de disputa o conflicto de interpretaci\u00f3n de los t\u00e9rminos que conforman este Aviso Legal, as\u00ed como cualquier cuesti\u00f3n relacionada con los servicios de la presente web y sus pol\u00edticas, ser\u00e1 la espa\u00f1ola.<\/p>\n\n\n\n<p>Con car\u00e1cter general, nos sometemos a lo estipulado en el Reglamento Europeo de Protecci\u00f3n de Datos (RGPD) Reglamento (UE) 2016\/679 del Parlamento Europeo y del Consejo de 27 de abril de 2016, as\u00ed como tambi\u00e9n, a la Ley de Servicios de Sociedad de la Informaci\u00f3n (LSSICE), Ley 34\/2002, de 11 de julio, de servicios de la sociedad de la informaci\u00f3n y de comercio electr\u00f3nico<\/p>\n\n\n\n<p>Para la resoluci\u00f3n de cualquier conflicto que pueda surgir con ocasi\u00f3n de la visita a la web, EL TITULAR y el usuario se someter\u00e1n al fuero que establezca la normativa vigente.<\/p>\n","protected":false},"excerpt":{"rendered":"<p>Aviso Legal Condiciones generales de utilizaci\u00f3n de la web EL TITULAR le informa que, el acceso y utilizaci\u00f3n de esta p\u00e1gina web y todas las URLs, subdominios y directorios incluidos bajo la misma, as\u00ed como los servicios o contenidos que a trav\u00e9s de este sitio se puedan obtener, est\u00e1n sujetos a los t\u00e9rminos recogidos y [&hellip;]<\/p>\n","protected":false},"author":1,"featured_media":0,"parent":0,"menu_order":0,"comment_status":"closed","ping_status":"closed","template":"","meta":{"footnotes":""},"yoast_head":"<!-- This site is optimized with the Yoast SEO plugin v22.5 - https:\/\/yoast.com\/wordpress\/plugins\/seo\/ -->\n<title>Aviso legal - Nava Barber<\/title>\n<meta name=\"description\" content=\"Aviso legal\" \/>\n<meta name=\"robots\" content=\"index, follow, max-snippet:-1, max-image-preview:large, max-video-preview:-1\" \/>\n<link rel=\"canonical\" href=\"https:\/\/navabarber.com\/?page_id=56\" \/>\n<meta property=\"og:locale\" content=\"es_ES\" \/>\n<meta property=\"og:type\" content=\"article\" \/>\n<meta property=\"og:title\" content=\"Aviso legal - Nava Barber\" \/>\n<meta property=\"og:description\" content=\"Aviso legal\" \/>\n<meta property=\"og:url\" content=\"https:\/\/navabarber.com\/?page_id=56\" \/>\n<meta property=\"og:site_name\" content=\"Nava Barber\" \/>\n<meta property=\"article:modified_time\" content=\"2025-06-21T14:58:37+00:00\" \/>\n<meta property=\"og:image\" content=\"https:\/\/navabarber.com\/wp-content\/uploads\/2024\/04\/logoNV.png\" \/>\n\t<meta property=\"og:image:width\" content=\"516\" \/>\n\t<meta property=\"og:image:height\" content=\"484\" \/>\n\t<meta property=\"og:image:type\" content=\"image\/png\" \/>\n<meta name=\"twitter:card\" content=\"summary_large_image\" \/>\n<meta name=\"twitter:label1\" content=\"Tiempo de lectura\" \/>\n\t<meta name=\"twitter:data1\" content=\"9 minutos\" \/>\n<script type=\"application\/ld+json\" class=\"yoast-schema-graph\">{\"@context\":\"https:\/\/schema.org\",\"@graph\":[{\"@type\":\"WebPage\",\"@id\":\"https:\/\/navabarber.com\/?page_id=56\",\"url\":\"https:\/\/navabarber.com\/?page_id=56\",\"name\":\"Aviso legal - Nava Barber\",\"isPartOf\":{\"@id\":\"https:\/\/navabarber.com\/#website\"},\"datePublished\":\"2024-04-21T07:49:56+00:00\",\"dateModified\":\"2025-06-21T14:58:37+00:00\",\"description\":\"Aviso legal\",\"breadcrumb\":{\"@id\":\"https:\/\/navabarber.com\/?page_id=56#breadcrumb\"},\"inLanguage\":\"es\",\"potentialAction\":[{\"@type\":\"ReadAction\",\"target\":[\"https:\/\/navabarber.com\/?page_id=56\"]}]},{\"@type\":\"BreadcrumbList\",\"@id\":\"https:\/\/navabarber.com\/?page_id=56#breadcrumb\",\"itemListElement\":[{\"@type\":\"ListItem\",\"position\":1,\"name\":\"Portada\",\"item\":\"https:\/\/navabarber.com\/\"},{\"@type\":\"ListItem\",\"position\":2,\"name\":\"Aviso legal\"}]},{\"@type\":\"WebSite\",\"@id\":\"https:\/\/navabarber.com\/#website\",\"url\":\"https:\/\/navabarber.com\/\",\"name\":\"Nava Barber\",\"description\":\"Nava Barber: Donde el Estilo se Encuentra con la Elegancia Masculina. \u00a1Tu Destino para Cortes y Afeitados Precisos! Sum\u00e9rgete en una Experiencia de Barber\u00eda Exclusiva, Donde la Tradici\u00f3n se Une con la Modernidad para Crear Looks \u00danicos y Sofisticados. \u00a1D\u00e9janos Transformar tu Estilo!\",\"publisher\":{\"@id\":\"https:\/\/navabarber.com\/#organization\"},\"alternateName\":\"NavaBarber\",\"potentialAction\":[{\"@type\":\"SearchAction\",\"target\":{\"@type\":\"EntryPoint\",\"urlTemplate\":\"https:\/\/navabarber.com\/?s={search_term_string}\"},\"query-input\":\"required name=search_term_string\"}],\"inLanguage\":\"es\"},{\"@type\":\"Organization\",\"@id\":\"https:\/\/navabarber.com\/#organization\",\"name\":\"Nava Barber\",\"alternateName\":\"NavaBarber\",\"url\":\"https:\/\/navabarber.com\/\",\"logo\":{\"@type\":\"ImageObject\",\"inLanguage\":\"es\",\"@id\":\"https:\/\/navabarber.com\/#\/schema\/logo\/image\/\",\"url\":\"https:\/\/navabarber.com\/wp-content\/uploads\/2024\/04\/logoNV.png\",\"contentUrl\":\"https:\/\/navabarber.com\/wp-content\/uploads\/2024\/04\/logoNV.png\",\"width\":516,\"height\":484,\"caption\":\"Nava Barber\"},\"image\":{\"@id\":\"https:\/\/navabarber.com\/#\/schema\/logo\/image\/\"},\"sameAs\":[\"https:\/\/www.tiktok.com\/@nava.barber\",\"https:\/\/www.instagram.com\/nava.barber\/\"]}]}<\/script>\n<!-- \/ Yoast SEO plugin. -->","yoast_head_json":{"title":"Aviso legal - Nava Barber","description":"Aviso legal","robots":{"index":"index","follow":"follow","max-snippet":"max-snippet:-1","max-image-preview":"max-image-preview:large","max-video-preview":"max-video-preview:-1"},"canonical":"https:\/\/navabarber.com\/?page_id=56","og_locale":"es_ES","og_type":"article","og_title":"Aviso legal - Nava Barber","og_description":"Aviso legal","og_url":"https:\/\/navabarber.com\/?page_id=56","og_site_name":"Nava Barber","article_modified_time":"2025-06-21T14:58:37+00:00","og_image":[{"width":516,"height":484,"url":"https:\/\/navabarber.com\/wp-content\/uploads\/2024\/04\/logoNV.png","type":"image\/png"}],"twitter_card":"summary_large_image","twitter_misc":{"Tiempo de lectura":"9 minutos"},"schema":{"@context":"https:\/\/schema.org","@graph":[{"@type":"WebPage","@id":"https:\/\/navabarber.com\/?page_id=56","url":"https:\/\/navabarber.com\/?page_id=56","name":"Aviso legal - Nava Barber","isPartOf":{"@id":"https:\/\/navabarber.com\/#website"},"datePublished":"2024-04-21T07:49:56+00:00","dateModified":"2025-06-21T14:58:37+00:00","description":"Aviso legal","breadcrumb":{"@id":"https:\/\/navabarber.com\/?page_id=56#breadcrumb"},"inLanguage":"es","potentialAction":[{"@type":"ReadAction","target":["https:\/\/navabarber.com\/?page_id=56"]}]},{"@type":"BreadcrumbList","@id":"https:\/\/navabarber.com\/?page_id=56#breadcrumb","itemListElement":[{"@type":"ListItem","position":1,"name":"Portada","item":"https:\/\/navabarber.com\/"},{"@type":"ListItem","position":2,"name":"Aviso legal"}]},{"@type":"WebSite","@id":"https:\/\/navabarber.com\/#website","url":"https:\/\/navabarber.com\/","name":"Nava Barber","description":"Nava Barber: Donde el Estilo se Encuentra con la Elegancia Masculina. \u00a1Tu Destino para Cortes y Afeitados Precisos! Sum\u00e9rgete en una Experiencia de Barber\u00eda Exclusiva, Donde la Tradici\u00f3n se Une con la Modernidad para Crear Looks \u00danicos y Sofisticados. \u00a1D\u00e9janos Transformar tu Estilo!","publisher":{"@id":"https:\/\/navabarber.com\/#organization"},"alternateName":"NavaBarber","potentialAction":[{"@type":"SearchAction","target":{"@type":"EntryPoint","urlTemplate":"https:\/\/navabarber.com\/?s={search_term_string}"},"query-input":"required name=search_term_string"}],"inLanguage":"es"},{"@type":"Organization","@id":"https:\/\/navabarber.com\/#organization","name":"Nava Barber","alternateName":"NavaBarber","url":"https:\/\/navabarber.com\/","logo":{"@type":"ImageObject","inLanguage":"es","@id":"https:\/\/navabarber.com\/#\/schema\/logo\/image\/","url":"https:\/\/navabarber.com\/wp-content\/uploads\/2024\/04\/logoNV.png","contentUrl":"https:\/\/navabarber.com\/wp-content\/uploads\/2024\/04\/logoNV.png","width":516,"height":484,"caption":"Nava Barber"},"image":{"@id":"https:\/\/navabarber.com\/#\/schema\/logo\/image\/"},"sameAs":["https:\/\/www.tiktok.com\/@nava.barber","https:\/\/www.instagram.com\/nava.barber\/"]}]}},"_links":{"self":[{"href":"https:\/\/navabarber.com\/index.php?rest_route=\/wp\/v2\/pages\/56"}],"collection":[{"href":"https:\/\/navabarber.com\/index.php?rest_route=\/wp\/v2\/pages"}],"about":[{"href":"https:\/\/navabarber.com\/index.php?rest_route=\/wp\/v2\/types\/page"}],"author":[{"embeddable":true,"href":"https:\/\/navabarber.com\/index.php?rest_route=\/wp\/v2\/users\/1"}],"replies":[{"embeddable":true,"href":"https:\/\/navabarber.com\/index.php?rest_route=%2Fwp%2Fv2%2Fcomments&post=56"}],"version-history":[{"count":2,"href":"https:\/\/navabarber.com\/index.php?rest_route=\/wp\/v2\/pages\/56\/revisions"}],"predecessor-version":[{"id":81,"href":"https:\/\/navabarber.com\/index.php?rest_route=\/wp\/v2\/pages\/56\/revisions\/81"}],"wp:attachment":[{"href":"https:\/\/navabarber.com\/index.php?rest_route=%2Fwp%2Fv2%2Fmedia&parent=56"}],"curies":[{"name":"wp","href":"https:\/\/api.w.org\/{rel}","templated":true}]}}